{"id":2,"date":"2019-08-28T13:45:26","date_gmt":"2019-08-28T13:45:26","guid":{"rendered":"http:\/\/rojk.se\/?page_id=2"},"modified":"2019-09-03T06:51:01","modified_gmt":"2019-09-03T06:51:01","slug":"sample-page","status":"publish","type":"page","link":"https:\/\/rojk.se\/?page_id=2","title":{"rendered":"Historian"},"content":{"rendered":"\n<p>R\u00f6jk Superwear grundades av \u00e4garen Jan- Fahrenheit Betros i samband med en innovationst\u00e4vling i Storbritannien. Jan- Fahrenheit flyttade till franska alperna f\u00f6r att f\u00e5 n\u00e4rhet till skid\u00e5kning och utomhusaktiviteter, och reste senare jorden runt f\u00f6r att \u00e5ka skidor. Under tiden utvecklades ett intresse f\u00f6r tekniska textilier och sportkl\u00e4der som ledde Jan- Fahrenheit till studier inom produktutveckling av tekniska textiler med inriktning p\u00e5 just sportkl\u00e4der p\u00e5 University of Derby i &nbsp;England.<\/p>\n\n\n\n<p>Han blev uppmuntrad av sin professor i textil att st\u00e4lla upp i t\u00e4vlingen Innovation For Extremes Award 2007 med sin specialdesignade tr\u00f6ja och tillika examensarbete i skolan. Tr\u00f6jan, med sin innovativa stickning och sina unika egenskaper, vann t\u00e4vlingen f\u00f6r b\u00e4sta design och innovation och heter numera Tvister Helmet Hood och \u00e4r m\u00f6nsterskyddad. Jan fick genast f\u00f6rfr\u00e5gningar av butiker, kunder och uppm\u00e4rksamhet av media och skapade p\u00e5 plats namnet R\u00d6JK som st\u00e5r f\u00f6r det egna och p\u00e5hittade uttrycket \u201dR\u00f6j\u00e5k\u201d \u2013 \u201ddet perfekta \u00e5ket\u201d.<\/p>\n\n\n\n<p>Det f\u00f6rsta exemplaret av Tvister Helmet Hood tillverkades av Jan- Fahrenheit 2006 med hj\u00e4lp av sin mormor som \u00e4r pensionerad s\u00f6mmerska. R\u00f6jk kom f\u00f6rst ut i butik h\u00f6sten 2009, och f\u00f6rsta kollektionen bestod av Tvister Helmet Hood i unisex storlekar, tre m\u00f6ssmodeller och skidsockor i PrimaLoft-garn.<\/p>\n\n\n\n<p>Tvister Fabric togs fram av Jan- Fahrenheit som ett komplement till marknadens alla varma fleecematerial d\u00e5 det fanns ett behov av ett tunt och snabbtorkande fleecematerial p\u00e5 marknaden. Till f\u00f6rsta kollektionen tog Jan- Fahrenheit i samarbete med PrimaLoft \u00e4ven fram skandinaviens f\u00f6rsta skidsockor i PrimaLoft-garn. Sockorna skulle fylla ytterligare en lucka med sin h\u00f6ga v\u00e4rmeisolering och fukttransport, f\u00f6r att hela tiden h\u00e5lla f\u00f6tterna torra och d\u00e4rmed varma och fria fr\u00e5n f\u00f6rfrusna t\u00e5r.<\/p>\n\n\n\n<p>H\u00f6g innovationsgrad, lekfull och annorlunda design p\u00e5 en traditionell outdoormarknad med stora drakar som enda konkurrenter \u2013 vem kunde ana att en ski bum, som extrakn\u00e4ckte i skidbutiker, med stor hj\u00e4lp av sin mormor skulle skapa en produkt som vunnit b\u00e5de t\u00e4vlingar och m\u00e4nniskors hj\u00e4rtan, och att just denna produkt, Tvister Helmet Hood, skulle vara grunden till ett v\u00e4l omtyckt och nu v\u00e4xande f\u00f6retag? Det l\u00f6nar sig att ha kul helt enkelt!<\/p>\n","protected":false},"excerpt":{"rendered":"<p>R\u00f6jk Superwear grundades av \u00e4garen Jan- Fahrenheit Betros i samband med en innovationst\u00e4vling i Storbritannien. Jan- Fahrenheit flyttade till franska&hellip;<\/p>\n","protected":false},"author":1,"featured_media":0,"parent":0,"menu_order":0,"comment_status":"closed","ping_status":"open","template":"","meta":[],"_links":{"self":[{"href":"https:\/\/rojk.se\/index.php?rest_route=\/wp\/v2\/pages\/2"}],"collection":[{"href":"https:\/\/rojk.se\/index.php?rest_route=\/wp\/v2\/pages"}],"about":[{"href":"https:\/\/rojk.se\/index.php?rest_route=\/wp\/v2\/types\/page"}],"author":[{"embeddable":true,"href":"https:\/\/rojk.se\/index.php?rest_route=\/wp\/v2\/users\/1"}],"replies":[{"embeddable":true,"href":"https:\/\/rojk.se\/index.php?rest_route=%2Fwp%2Fv2%2Fcomments&post=2"}],"version-history":[{"count":1,"href":"https:\/\/rojk.se\/index.php?rest_route=\/wp\/v2\/pages\/2\/revisions"}],"predecessor-version":[{"id":6,"href":"https:\/\/rojk.se\/index.php?rest_route=\/wp\/v2\/pages\/2\/revisions\/6"}],"wp:attachment":[{"href":"https:\/\/rojk.se\/index.php?rest_route=%2Fwp%2Fv2%2Fmedia&parent=2"}],"curies":[{"name":"wp","href":"https:\/\/api.w.org\/{rel}","templated":true}]}}